{"id":58,"date":"2022-11-08T11:24:58","date_gmt":"2022-11-08T10:24:58","guid":{"rendered":"https:\/\/jeziorawaleckie.pl\/?page_id=58"},"modified":"2025-12-11T23:05:53","modified_gmt":"2025-12-11T22:05:53","slug":"kontakt","status":"publish","type":"page","link":"https:\/\/jeziorawaleckie.pl\/","title":{"rendered":"Kontakt"},"content":{"rendered":"\n<div id=\"kontakt\">\n<p><strong>Jeziora i Stawy Wa\u0142eckie Sp. z o.o. <\/strong> |  78-600 Wa\u0142cz, ul. Bydgoska 50<\/p>\n<\/div>\n\n\n<div class=\"wp-block-image\">\n<figure class=\"alignleft size-medium\"><img loading=\"lazy\" decoding=\"async\" width=\"300\" height=\"260\" src=\"https:\/\/jeziorawaleckie.pl\/wp-content\/uploads\/2025\/12\/logo_biale-1-300x260.png\" alt=\"\" class=\"wp-image-685\" srcset=\"https:\/\/jeziorawaleckie.pl\/wp-content\/uploads\/2025\/12\/logo_biale-1-300x260.png 300w, https:\/\/jeziorawaleckie.pl\/wp-content\/uploads\/2025\/12\/logo_biale-1.png 567w\" sizes=\"auto, (max-width: 300px) 100vw, 300px\" \/><\/figure>\n<\/div>\n\n\n<ul class=\"wp-block-list\">\n<li>Zakup hurtowy ekologicznego karpia handlowego ze staw\u00f3w w Czaplnie <br>tel. <strong>+48 798 256 811<\/strong> \u2013 <a href=\"mailto:pawel@jeziorawaleckie.pl\" target=\"_blank\" rel=\"noreferrer noopener\">pawel@jeziorawaleckie.pl<\/a><\/li>\n\n\n\n<li>K\u0142usownicy i dziwne sytuacje nad wod\u0105 <br>tel. <strong>+48 797 561 518<\/strong> \u2013 <a href=\"mailto:radek@jeziorawaleckie.pl\">radek@jeziorawaleckie.pl<\/a><\/li>\n\n\n\n<li>Zezwolenia w\u0119dkarskie i rybostan <br>tel. <strong>+48 516 148 597<\/strong> \u2013 <a href=\"mailto:bartosz@jeziorawaleckie.pl\">bartosz@jeziorawaleckie.pl<\/a><\/li>\n<\/ul>\n\n\n\n<p>KRS: 0000990307, NIP: 765-00-11-762, REGON: 570144690<br>Kapita\u0142 zak\u0142adowy: 250.000 PLN.<br><\/p>\n\n\n\n<p><\/p>\n","protected":false},"excerpt":{"rendered":"<p>Jeziora i Stawy Wa\u0142eckie Sp. z o.o. | 78-600 Wa\u0142cz, ul. Bydgoska 50 KRS: 0000990307, NIP: 765-00-11-762, REGON: 570144690Kapita\u0142 zak\u0142adowy: 250.000 PLN.<\/p>\n","protected":false},"author":2,"featured_media":272,"parent":0,"menu_order":0,"comment_status":"closed","ping_status":"closed","template":"","meta":{"_acf_changed":false,"_themeisle_gutenberg_block_has_review":false,"footnotes":""},"class_list":["post-58","page","type-page","status-publish","has-post-thumbnail","hentry"],"acf":[],"yoast_head":"<!-- This site is optimized with the Yoast SEO plugin v27.5 - https:\/\/yoast.com\/product\/yoast-seo-wordpress\/ -->\n<title>Kontakt - Jeziora i Stawy Wa\u0142eckie - Relaks najbli\u017cej natury<\/title>\n<meta name=\"robots\" content=\"index, follow, max-snippet:-1, max-image-preview:large, max-video-preview:-1\" \/>\n<link rel=\"canonical\" href=\"https:\/\/jeziorawaleckie.pl\/\" \/>\n<meta name=\"twitter:label1\" content=\"Szacowany czas czytania\" \/>\n\t<meta name=\"twitter:data1\" content=\"1 minuta\" \/>\n<script type=\"application\/ld+json\" class=\"yoast-schema-graph\">{\"@context\":\"https:\\\/\\\/schema.org\",\"@graph\":[{\"@type\":\"WebPage\",\"@id\":\"https:\\\/\\\/jeziorawaleckie.pl\\\/\",\"url\":\"https:\\\/\\\/jeziorawaleckie.pl\\\/\",\"name\":\"Kontakt - Jeziora i Stawy Wa\u0142eckie - Relaks najbli\u017cej natury\",\"isPartOf\":{\"@id\":\"https:\\\/\\\/jeziorawaleckie.pl\\\/#website\"},\"primaryImageOfPage\":{\"@id\":\"https:\\\/\\\/jeziorawaleckie.pl\\\/#primaryimage\"},\"image\":{\"@id\":\"https:\\\/\\\/jeziorawaleckie.pl\\\/#primaryimage\"},\"thumbnailUrl\":\"https:\\\/\\\/jeziorawaleckie.pl\\\/wp-content\\\/uploads\\\/2022\\\/11\\\/1-10-scaled.jpg\",\"datePublished\":\"2022-11-08T10:24:58+00:00\",\"dateModified\":\"2025-12-11T22:05:53+00:00\",\"breadcrumb\":{\"@id\":\"https:\\\/\\\/jeziorawaleckie.pl\\\/#breadcrumb\"},\"inLanguage\":\"pl-PL\",\"potentialAction\":[{\"@type\":\"ReadAction\",\"target\":[\"https:\\\/\\\/jeziorawaleckie.pl\\\/\"]}]},{\"@type\":\"ImageObject\",\"inLanguage\":\"pl-PL\",\"@id\":\"https:\\\/\\\/jeziorawaleckie.pl\\\/#primaryimage\",\"url\":\"https:\\\/\\\/jeziorawaleckie.pl\\\/wp-content\\\/uploads\\\/2022\\\/11\\\/1-10-scaled.jpg\",\"contentUrl\":\"https:\\\/\\\/jeziorawaleckie.pl\\\/wp-content\\\/uploads\\\/2022\\\/11\\\/1-10-scaled.jpg\",\"width\":2560,\"height\":1920,\"caption\":\"Exif_JPEG_420\"},{\"@type\":\"BreadcrumbList\",\"@id\":\"https:\\\/\\\/jeziorawaleckie.pl\\\/#breadcrumb\",\"itemListElement\":[{\"@type\":\"ListItem\",\"position\":1,\"name\":\"Home\",\"item\":\"https:\\\/\\\/jeziorawaleckie.pl\\\/\"},{\"@type\":\"ListItem\",\"position\":2,\"name\":\"Kontakt\"}]},{\"@type\":\"WebSite\",\"@id\":\"https:\\\/\\\/jeziorawaleckie.pl\\\/#website\",\"url\":\"https:\\\/\\\/jeziorawaleckie.pl\\\/\",\"name\":\"Jeziora i Stawy Wa\u0142eckie - Relaks najbli\u017cej natury\",\"description\":\"\",\"potentialAction\":[{\"@type\":\"SearchAction\",\"target\":{\"@type\":\"EntryPoint\",\"urlTemplate\":\"https:\\\/\\\/jeziorawaleckie.pl\\\/?s={search_term_string}\"},\"query-input\":{\"@type\":\"PropertyValueSpecification\",\"valueRequired\":true,\"valueName\":\"search_term_string\"}}],\"inLanguage\":\"pl-PL\"}]}<\/script>\n<!-- \/ Yoast SEO plugin. -->","yoast_head_json":{"title":"Kontakt - Jeziora i Stawy Wa\u0142eckie - Relaks najbli\u017cej natury","robots":{"index":"index","follow":"follow","max-snippet":"max-snippet:-1","max-image-preview":"max-image-preview:large","max-video-preview":"max-video-preview:-1"},"canonical":"https:\/\/jeziorawaleckie.pl\/","twitter_misc":{"Szacowany czas czytania":"1 minuta"},"schema":{"@context":"https:\/\/schema.org","@graph":[{"@type":"WebPage","@id":"https:\/\/jeziorawaleckie.pl\/","url":"https:\/\/jeziorawaleckie.pl\/","name":"Kontakt - Jeziora i Stawy Wa\u0142eckie - Relaks najbli\u017cej natury","isPartOf":{"@id":"https:\/\/jeziorawaleckie.pl\/#website"},"primaryImageOfPage":{"@id":"https:\/\/jeziorawaleckie.pl\/#primaryimage"},"image":{"@id":"https:\/\/jeziorawaleckie.pl\/#primaryimage"},"thumbnailUrl":"https:\/\/jeziorawaleckie.pl\/wp-content\/uploads\/2022\/11\/1-10-scaled.jpg","datePublished":"2022-11-08T10:24:58+00:00","dateModified":"2025-12-11T22:05:53+00:00","breadcrumb":{"@id":"https:\/\/jeziorawaleckie.pl\/#breadcrumb"},"inLanguage":"pl-PL","potentialAction":[{"@type":"ReadAction","target":["https:\/\/jeziorawaleckie.pl\/"]}]},{"@type":"ImageObject","inLanguage":"pl-PL","@id":"https:\/\/jeziorawaleckie.pl\/#primaryimage","url":"https:\/\/jeziorawaleckie.pl\/wp-content\/uploads\/2022\/11\/1-10-scaled.jpg","contentUrl":"https:\/\/jeziorawaleckie.pl\/wp-content\/uploads\/2022\/11\/1-10-scaled.jpg","width":2560,"height":1920,"caption":"Exif_JPEG_420"},{"@type":"BreadcrumbList","@id":"https:\/\/jeziorawaleckie.pl\/#breadcrumb","itemListElement":[{"@type":"ListItem","position":1,"name":"Home","item":"https:\/\/jeziorawaleckie.pl\/"},{"@type":"ListItem","position":2,"name":"Kontakt"}]},{"@type":"WebSite","@id":"https:\/\/jeziorawaleckie.pl\/#website","url":"https:\/\/jeziorawaleckie.pl\/","name":"Jeziora i Stawy Wa\u0142eckie - Relaks najbli\u017cej natury","description":"","potentialAction":[{"@type":"SearchAction","target":{"@type":"EntryPoint","urlTemplate":"https:\/\/jeziorawaleckie.pl\/?s={search_term_string}"},"query-input":{"@type":"PropertyValueSpecification","valueRequired":true,"valueName":"search_term_string"}}],"inLanguage":"pl-PL"}]}},"_links":{"self":[{"href":"https:\/\/jeziorawaleckie.pl\/index.php?rest_route=\/wp\/v2\/pages\/58","targetHints":{"allow":["GET"]}}],"collection":[{"href":"https:\/\/jeziorawaleckie.pl\/index.php?rest_route=\/wp\/v2\/pages"}],"about":[{"href":"https:\/\/jeziorawaleckie.pl\/index.php?rest_route=\/wp\/v2\/types\/page"}],"author":[{"embeddable":true,"href":"https:\/\/jeziorawaleckie.pl\/index.php?rest_route=\/wp\/v2\/users\/2"}],"replies":[{"embeddable":true,"href":"https:\/\/jeziorawaleckie.pl\/index.php?rest_route=%2Fwp%2Fv2%2Fcomments&post=58"}],"version-history":[{"count":18,"href":"https:\/\/jeziorawaleckie.pl\/index.php?rest_route=\/wp\/v2\/pages\/58\/revisions"}],"predecessor-version":[{"id":696,"href":"https:\/\/jeziorawaleckie.pl\/index.php?rest_route=\/wp\/v2\/pages\/58\/revisions\/696"}],"wp:featuredmedia":[{"embeddable":true,"href":"https:\/\/jeziorawaleckie.pl\/index.php?rest_route=\/wp\/v2\/media\/272"}],"wp:attachment":[{"href":"https:\/\/jeziorawaleckie.pl\/index.php?rest_route=%2Fwp%2Fv2%2Fmedia&parent=58"}],"curies":[{"name":"wp","href":"https:\/\/api.w.org\/{rel}","templated":true}]}}